{"id":28,"date":"2020-06-16T06:56:33","date_gmt":"2020-06-16T06:56:33","guid":{"rendered":"https:\/\/zakra-agency.sites.qsandbox.com\/?page_id=28"},"modified":"2021-09-16T16:53:37","modified_gmt":"2021-09-16T14:53:37","slug":"contact","status":"publish","type":"page","link":"http:\/\/neuhradena.sk\/?page_id=28","title":{"rendered":"Kontakt"},"content":{"rendered":"\t\t<div data-elementor-type=\"wp-page\" data-elementor-id=\"28\" class=\"elementor elementor-28\" data-elementor-settings=\"[]\">\n\t\t\t\t\t\t\t<div class=\"elementor-section-wrap\">\n\t\t\t\t\t\t\t<section class=\"elementor-section elementor-top-section elementor-element elementor-element-2e3deeb elementor-section-boxed elementor-section-height-default elementor-section-height-default\" data-id=\"2e3deeb\" data-element_type=\"section\">\n\t\t\t\t\t\t<div class=\"elementor-container elementor-column-gap-default\">\n\t\t\t\t\t<div class=\"elementor-column elementor-col-25 elementor-top-column elementor-element elementor-element-7e711ea\" data-id=\"7e711ea\" data-element_type=\"column\" data-settings=\"{&quot;background_background&quot;:&quot;classic&quot;}\">\n\t\t\t<div class=\"elementor-widget-wrap elementor-element-populated\">\n\t\t\t\t\t\t\t\t<div class=\"elementor-element elementor-element-2972252 elementor-position-top elementor-vertical-align-top elementor-widget elementor-widget-image-box\" data-id=\"2972252\" data-element_type=\"widget\" data-widget_type=\"image-box.default\">\n\t\t\t\t<div class=\"elementor-widget-container\">\n\t\t\t<div class=\"elementor-image-box-wrapper\"><div class=\"elementor-image-box-content\"><h4 class=\"elementor-image-box-title\">Adresa<\/h4><p class=\"elementor-image-box-description\">Bar\u010dianska 68,\n040 17 Ko\u0161ice<\/p><\/div><\/div>\t\t<\/div>\n\t\t\t\t<\/div>\n\t\t\t\t\t<\/div>\n\t\t<\/div>\n\t\t\t\t<div class=\"elementor-column elementor-col-25 elementor-top-column elementor-element elementor-element-7261902\" data-id=\"7261902\" data-element_type=\"column\" data-settings=\"{&quot;background_background&quot;:&quot;classic&quot;}\">\n\t\t\t<div class=\"elementor-widget-wrap elementor-element-populated\">\n\t\t\t\t\t\t\t\t<div class=\"elementor-element elementor-element-e556b3a elementor-position-top elementor-vertical-align-top elementor-widget elementor-widget-image-box\" data-id=\"e556b3a\" data-element_type=\"widget\" data-widget_type=\"image-box.default\">\n\t\t\t\t<div class=\"elementor-widget-container\">\n\t\t\t<div class=\"elementor-image-box-wrapper\"><div class=\"elementor-image-box-content\"><h4 class=\"elementor-image-box-title\">Email<\/h4><p class=\"elementor-image-box-description\">info@neuhradena.sk<\/p><\/div><\/div>\t\t<\/div>\n\t\t\t\t<\/div>\n\t\t\t\t\t<\/div>\n\t\t<\/div>\n\t\t\t\t<div class=\"elementor-column elementor-col-25 elementor-top-column elementor-element elementor-element-aef014d\" data-id=\"aef014d\" data-element_type=\"column\" data-settings=\"{&quot;background_background&quot;:&quot;classic&quot;}\">\n\t\t\t<div class=\"elementor-widget-wrap elementor-element-populated\">\n\t\t\t\t\t\t\t\t<div class=\"elementor-element elementor-element-620bdfd elementor-position-top elementor-vertical-align-top elementor-widget elementor-widget-image-box\" data-id=\"620bdfd\" data-element_type=\"widget\" data-widget_type=\"image-box.default\">\n\t\t\t\t<div class=\"elementor-widget-container\">\n\t\t\t<div class=\"elementor-image-box-wrapper\"><div class=\"elementor-image-box-content\"><h4 class=\"elementor-image-box-title\">Telef\u00f3n<\/h4><p class=\"elementor-image-box-description\">Call : +(421) 908-334-395\n<\/p><\/div><\/div>\t\t<\/div>\n\t\t\t\t<\/div>\n\t\t\t\t\t<\/div>\n\t\t<\/div>\n\t\t\t\t<div class=\"elementor-column elementor-col-25 elementor-top-column elementor-element elementor-element-c9021b2\" data-id=\"c9021b2\" data-element_type=\"column\" data-settings=\"{&quot;background_background&quot;:&quot;classic&quot;}\">\n\t\t\t<div class=\"elementor-widget-wrap elementor-element-populated\">\n\t\t\t\t\t\t\t\t<div class=\"elementor-element elementor-element-588fc75 elementor-position-top elementor-vertical-align-top elementor-widget elementor-widget-image-box\" data-id=\"588fc75\" data-element_type=\"widget\" data-widget_type=\"image-box.default\">\n\t\t\t\t<div class=\"elementor-widget-container\">\n\t\t\t<div class=\"elementor-image-box-wrapper\"><div class=\"elementor-image-box-content\"><h4 class=\"elementor-image-box-title\">Otvoren\u00e9<\/h4><p class=\"elementor-image-box-description\">Pondelok - Piatok: \n8:00 - 15:00\n<\/p><\/div><\/div>\t\t<\/div>\n\t\t\t\t<\/div>\n\t\t\t\t\t<\/div>\n\t\t<\/div>\n\t\t\t\t\t\t\t<\/div>\n\t\t<\/section>\n\t\t\t\t<section class=\"elementor-section elementor-top-section elementor-element elementor-element-6737e44 elementor-section-full_width elementor-section-height-default elementor-section-height-default\" data-id=\"6737e44\" data-element_type=\"section\" data-settings=\"{&quot;background_background&quot;:&quot;classic&quot;}\">\n\t\t\t\t\t\t<div class=\"elementor-container elementor-column-gap-default\">\n\t\t\t\t\t<div class=\"elementor-column elementor-col-100 elementor-top-column elementor-element elementor-element-dddaa49\" data-id=\"dddaa49\" data-element_type=\"column\">\n\t\t\t<div class=\"elementor-widget-wrap elementor-element-populated\">\n\t\t\t\t\t\t\t\t<div class=\"elementor-element elementor-element-2f2cd3c elementor-widget elementor-widget-image\" data-id=\"2f2cd3c\" data-element_type=\"widget\" data-widget_type=\"image.default\">\n\t\t\t\t<div class=\"elementor-widget-container\">\n\t\t\t\t\t\t\t\t\t\t\t\t\t\t\t<img width=\"1920\" height=\"363\" src=\"http:\/\/neuhradena.sk\/wp-content\/uploads\/2020\/06\/cta-phone-call.png\" class=\"attachment-full size-full\" alt=\"\" loading=\"lazy\" srcset=\"http:\/\/neuhradena.sk\/wp-content\/uploads\/2020\/06\/cta-phone-call.png 1920w, http:\/\/neuhradena.sk\/wp-content\/uploads\/2020\/06\/cta-phone-call-600x113.png 600w, http:\/\/neuhradena.sk\/wp-content\/uploads\/2020\/06\/cta-phone-call-300x57.png 300w, http:\/\/neuhradena.sk\/wp-content\/uploads\/2020\/06\/cta-phone-call-1024x194.png 1024w, http:\/\/neuhradena.sk\/wp-content\/uploads\/2020\/06\/cta-phone-call-768x145.png 768w, http:\/\/neuhradena.sk\/wp-content\/uploads\/2020\/06\/cta-phone-call-1536x290.png 1536w\" sizes=\"(max-width: 1920px) 100vw, 1920px\" \/>\t\t\t\t\t\t\t\t\t\t\t\t\t\t\t<\/div>\n\t\t\t\t<\/div>\n\t\t\t\t<section class=\"elementor-section elementor-inner-section elementor-element elementor-element-832012f elementor-section-boxed elementor-section-height-default elementor-section-height-default\" data-id=\"832012f\" data-element_type=\"section\" data-settings=\"{&quot;background_background&quot;:&quot;classic&quot;}\">\n\t\t\t\t\t\t<div class=\"elementor-container elementor-column-gap-default\">\n\t\t\t\t\t<div class=\"elementor-column elementor-col-100 elementor-inner-column elementor-element elementor-element-5143ecc\" data-id=\"5143ecc\" data-element_type=\"column\">\n\t\t\t<div class=\"elementor-widget-wrap elementor-element-populated\">\n\t\t\t\t\t\t\t\t<div class=\"elementor-element elementor-element-c2b9a39 elementor-widget elementor-widget-heading\" data-id=\"c2b9a39\" data-element_type=\"widget\" data-widget_type=\"heading.default\">\n\t\t\t\t<div class=\"elementor-widget-container\">\n\t\t\t<h2 class=\"elementor-heading-title elementor-size-default\">Zavolajte n\u00e1m<\/h2>\t\t<\/div>\n\t\t\t\t<\/div>\n\t\t\t\t\t<\/div>\n\t\t<\/div>\n\t\t\t\t\t\t\t<\/div>\n\t\t<\/section>\n\t\t\t\t<section class=\"elementor-section elementor-inner-section elementor-element elementor-element-d5d7e28 elementor-section-boxed elementor-section-height-default elementor-section-height-default\" data-id=\"d5d7e28\" data-element_type=\"section\">\n\t\t\t\t\t\t<div class=\"elementor-container elementor-column-gap-default\">\n\t\t\t\t\t<div class=\"elementor-column elementor-col-33 elementor-inner-column elementor-element elementor-element-ae4570f elementor-hidden-tablet elementor-hidden-phone\" data-id=\"ae4570f\" data-element_type=\"column\">\n\t\t\t<div class=\"elementor-widget-wrap\">\n\t\t\t\t\t\t\t\t\t<\/div>\n\t\t<\/div>\n\t\t\t\t<div class=\"elementor-column elementor-col-33 elementor-inner-column elementor-element elementor-element-a6e0324\" data-id=\"a6e0324\" data-element_type=\"column\">\n\t\t\t<div class=\"elementor-widget-wrap elementor-element-populated\">\n\t\t\t\t\t\t\t\t<div class=\"elementor-element elementor-element-5471a58 elementor-widget elementor-widget-text-editor\" data-id=\"5471a58\" data-element_type=\"widget\" data-widget_type=\"text-editor.default\">\n\t\t\t\t<div class=\"elementor-widget-container\">\n\t\t\t\t\t\t\t<p>Na\u0161i odborn\u00edci V\u00e1m ve\u013emi radi pom\u00f4\u017eu. Bezplatn\u00e9 poradenstvo. Vysvetl\u00edme V\u00e1m ako pracujeme, ako je to mo\u017en\u00e9, \u017ee naozaj ni\u010d neplat\u00edte dopredu.<\/p>\t\t\t\t\t\t<\/div>\n\t\t\t\t<\/div>\n\t\t\t\t\t<\/div>\n\t\t<\/div>\n\t\t\t\t<div class=\"elementor-column elementor-col-33 elementor-inner-column elementor-element elementor-element-35cbd49 elementor-hidden-tablet elementor-hidden-phone\" data-id=\"35cbd49\" data-element_type=\"column\">\n\t\t\t<div class=\"elementor-widget-wrap\">\n\t\t\t\t\t\t\t\t\t<\/div>\n\t\t<\/div>\n\t\t\t\t\t\t\t<\/div>\n\t\t<\/section>\n\t\t\t\t<div class=\"elementor-element elementor-element-bc1aabf elementor-align-center elementor-widget elementor-widget-button\" data-id=\"bc1aabf\" data-element_type=\"widget\" data-widget_type=\"button.default\">\n\t\t\t\t<div class=\"elementor-widget-container\">\n\t\t\t\t\t<div class=\"elementor-button-wrapper\">\n\t\t\t<a href=\"#\" class=\"elementor-button-link elementor-button elementor-size-sm elementor-animation-grow\" role=\"button\">\n\t\t\t\t\t\t<span class=\"elementor-button-content-wrapper\">\n\t\t\t\t\t\t<span class=\"elementor-button-text\">zavolajte n\u00e1m<\/span>\n\t\t<\/span>\n\t\t\t\t\t<\/a>\n\t\t<\/div>\n\t\t\t\t<\/div>\n\t\t\t\t<\/div>\n\t\t\t\t\t<\/div>\n\t\t<\/div>\n\t\t\t\t\t\t\t<\/div>\n\t\t<\/section>\n\t\t\t\t<section class=\"elementor-section elementor-top-section elementor-element elementor-element-e2bbe43 elementor-section-boxed elementor-section-height-default elementor-section-height-default\" data-id=\"e2bbe43\" data-element_type=\"section\">\n\t\t\t\t\t\t<div class=\"elementor-container elementor-column-gap-no\">\n\t\t\t\t\t<div class=\"elementor-column elementor-col-100 elementor-top-column elementor-element elementor-element-621b87e\" data-id=\"621b87e\" data-element_type=\"column\">\n\t\t\t<div class=\"elementor-widget-wrap elementor-element-populated\">\n\t\t\t\t\t\t\t\t<div class=\"elementor-element elementor-element-05e6550 elementor-widget elementor-widget-heading\" data-id=\"05e6550\" data-element_type=\"widget\" data-widget_type=\"heading.default\">\n\t\t\t\t<div class=\"elementor-widget-container\">\n\t\t\t<h3 class=\"elementor-heading-title elementor-size-default\">Kontaktujte n\u00e1s<\/h3>\t\t<\/div>\n\t\t\t\t<\/div>\n\t\t\t\t<section class=\"elementor-section elementor-inner-section elementor-element elementor-element-4986385 elementor-section-boxed elementor-section-height-default elementor-section-height-default\" data-id=\"4986385\" data-element_type=\"section\">\n\t\t\t\t\t\t<div class=\"elementor-container elementor-column-gap-default\">\n\t\t\t\t\t<div class=\"elementor-column elementor-col-33 elementor-inner-column elementor-element elementor-element-1ded3ea elementor-hidden-phone\" data-id=\"1ded3ea\" data-element_type=\"column\">\n\t\t\t<div class=\"elementor-widget-wrap\">\n\t\t\t\t\t\t\t\t\t<\/div>\n\t\t<\/div>\n\t\t\t\t<div class=\"elementor-column elementor-col-33 elementor-inner-column elementor-element elementor-element-35c554c\" data-id=\"35c554c\" data-element_type=\"column\">\n\t\t\t<div class=\"elementor-widget-wrap elementor-element-populated\">\n\t\t\t\t\t\t\t\t<div class=\"elementor-element elementor-element-952b477 elementor-widget elementor-widget-text-editor\" data-id=\"952b477\" data-element_type=\"widget\" data-widget_type=\"text-editor.default\">\n\t\t\t\t<div class=\"elementor-widget-container\">\n\t\t\t\t\t\t\t<p>Potrebujete poradi\u0165?<br \/>Zavolajte n\u00e1m, nap\u00ed\u0161te n\u00e1m, nechajte n\u00e1m na V\u00e1s kontakt .<br \/>V kr\u00e1tkom \u010dase V\u00e1s budeme kontaktova\u0165.<\/p>\t\t\t\t\t\t<\/div>\n\t\t\t\t<\/div>\n\t\t\t\t\t<\/div>\n\t\t<\/div>\n\t\t\t\t<div class=\"elementor-column elementor-col-33 elementor-inner-column elementor-element elementor-element-c24b50c elementor-hidden-phone\" data-id=\"c24b50c\" data-element_type=\"column\">\n\t\t\t<div class=\"elementor-widget-wrap\">\n\t\t\t\t\t\t\t\t\t<\/div>\n\t\t<\/div>\n\t\t\t\t\t\t\t<\/div>\n\t\t<\/section>\n\t\t\t\t<section class=\"elementor-section elementor-inner-section elementor-element elementor-element-c58f8f7 elementor-section-boxed elementor-section-height-default elementor-section-height-default\" data-id=\"c58f8f7\" data-element_type=\"section\">\n\t\t\t\t\t\t<div class=\"elementor-container elementor-column-gap-default\">\n\t\t\t\t\t<div class=\"elementor-column elementor-col-33 elementor-inner-column elementor-element elementor-element-7b44aa0\" data-id=\"7b44aa0\" data-element_type=\"column\">\n\t\t\t<div class=\"elementor-widget-wrap\">\n\t\t\t\t\t\t\t\t\t<\/div>\n\t\t<\/div>\n\t\t\t\t<div class=\"elementor-column elementor-col-33 elementor-inner-column elementor-element elementor-element-7648d39\" data-id=\"7648d39\" data-element_type=\"column\">\n\t\t\t<div class=\"elementor-widget-wrap elementor-element-populated\">\n\t\t\t\t\t\t\t\t<div class=\"elementor-element elementor-element-ef894a0 elementor-widget elementor-widget-shortcode\" data-id=\"ef894a0\" data-element_type=\"widget\" data-widget_type=\"shortcode.default\">\n\t\t\t\t<div class=\"elementor-widget-container\">\n\t\t\t\t\t<div class=\"elementor-shortcode\"><div class=\"everest-forms\"><div class=\"evf-container default\" id=\"evf-5\"><form id=\"evf-form-5\" class=\"everest-form\" data-formid=\"5\" data-ajax_submission=\"0\" method=\"post\" enctype=\"multipart\/form-data\" action=\"\/index.php?rest_route=%2Fwp%2Fv2%2Fpages%2F28\"><div class=\"evf-field-container\"><input type=\"hidden\" id=\"_wpnonce\" name=\"_wpnonce\" value=\"ff7655ab35\" \/><input type=\"hidden\" name=\"_wp_http_referer\" value=\"\/index.php?rest_route=%2Fwp%2Fv2%2Fpages%2F28\" \/><div class=\"evf-frontend-row\" data-row=\"row_1\"><div class=\"evf-frontend-grid evf-grid-1\" data-grid=\"grid_1\"><div id=\"evf-5-field_fullname-container\" class=\"evf-field evf-field-text form-row\" data-field-id=\"fullname\"><label class=\"evf-field-label\" for=\"evf-5-field_fullname\"><span class=\"evf-label\">Meno<\/span> <\/label><input type=\"text\" id=\"evf-5-field_fullname\" class=\"input-text\" name=\"everest_forms[form_fields][fullname]\" ><\/div><div id=\"evf-5-field_email-container\" class=\"evf-field evf-field-email form-row validate-required validate-email\" data-required-field-message=\"Pros\u00edm,  skontrolujte si e-mail adresu.\" data-field-id=\"email\"><label class=\"evf-field-label\" for=\"evf-5-field_email\"><span class=\"evf-label\">Email<\/span> <abbr class=\"required\" title=\"Required\">*<\/abbr><\/label><input type=\"email\" id=\"evf-5-field_email\" class=\"input-text\" name=\"everest_forms[form_fields][email]\" required><\/div><div id=\"evf-5-field_subject-container\" class=\"evf-field evf-field-text form-row\" data-field-id=\"subject\"><label class=\"evf-field-label\" for=\"evf-5-field_subject\"><span class=\"evf-label\">Telef\u00f3n<\/span> <\/label><input type=\"text\" id=\"evf-5-field_subject\" class=\"input-text\" name=\"everest_forms[form_fields][subject]\" ><\/div><div id=\"evf-5-field_message-container\" class=\"evf-field evf-field-textarea form-row\" data-field-id=\"message\"><label class=\"evf-field-label\" for=\"evf-5-field_message\"><span class=\"evf-label\">Spr\u00e1va<\/span> <\/label><textarea id=\"evf-5-field_message\" class=\"input-text\" name=\"everest_forms[form_fields][message]\" ><\/textarea><\/div><\/div><\/div><\/div><div class=\"evf-honeypot-container evf-field-hp\"><label for=\"evf-5-field-hp\" class=\"evf-field-label\">Name<\/label><input type=\"text\" name=\"everest_forms[hp]\" id=\"evf-5-field-hp\" class=\"input-text\"><\/div><div class=\"evf-submit-container \" ><input type=\"hidden\" name=\"everest_forms[id]\" value=\"5\"><input type=\"hidden\" name=\"everest_forms[author]\" value=\"1\"><button type='submit' name='everest_forms[submit]' class='everest-forms-submit-button button evf-submit ' id='evf-submit-5' value='evf-submit' data-process-text=\"Processing\u2026\" conditional_rules='\"\"' conditional_id='evf-submit-5' >Submit<\/button><\/div><\/form><\/div><!-- .evf-container --><\/div><\/div>\n\t\t\t\t<\/div>\n\t\t\t\t<\/div>\n\t\t\t\t\t<\/div>\n\t\t<\/div>\n\t\t\t\t<div class=\"elementor-column elementor-col-33 elementor-inner-column elementor-element elementor-element-b24abd3\" data-id=\"b24abd3\" data-element_type=\"column\">\n\t\t\t<div class=\"elementor-widget-wrap\">\n\t\t\t\t\t\t\t\t\t<\/div>\n\t\t<\/div>\n\t\t\t\t\t\t\t<\/div>\n\t\t<\/section>\n\t\t\t\t\t<\/div>\n\t\t<\/div>\n\t\t\t\t\t\t\t<\/div>\n\t\t<\/section>\n\t\t\t\t<section class=\"elementor-section elementor-top-section elementor-element elementor-element-02253f7 elementor-section-full_width elementor-section-height-default elementor-section-height-default\" data-id=\"02253f7\" data-element_type=\"section\">\n\t\t\t\t\t\t<div class=\"elementor-container elementor-column-gap-no\">\n\t\t\t\t\t<div class=\"elementor-column elementor-col-100 elementor-top-column elementor-element elementor-element-5db8422\" data-id=\"5db8422\" data-element_type=\"column\">\n\t\t\t<div class=\"elementor-widget-wrap elementor-element-populated\">\n\t\t\t\t\t\t\t\t<div class=\"elementor-element elementor-element-3bf9b30 elementor-widget elementor-widget-google_maps\" data-id=\"3bf9b30\" data-element_type=\"widget\" data-widget_type=\"google_maps.default\">\n\t\t\t\t<div class=\"elementor-widget-container\">\n\t\t\t\t\t<div class=\"elementor-custom-embed\">\n\t\t\t<iframe frameborder=\"0\" scrolling=\"no\" marginheight=\"0\" marginwidth=\"0\"\n\t\t\t\t\tsrc=\"https:\/\/maps.google.com\/maps?q=Ko%C5%A1ice%2C%20Bar%C4%8Dianska%2068&#038;t=m&#038;z=18&#038;output=embed&#038;iwloc=near\"\n\t\t\t\t\ttitle=\"Ko\u0161ice, Bar\u010dianska 68\"\n\t\t\t\t\taria-label=\"Ko\u0161ice, Bar\u010dianska 68\"\n\t\t\t><\/iframe>\n\t\t<\/div>\n\t\t\t\t<\/div>\n\t\t\t\t<\/div>\n\t\t\t\t\t<\/div>\n\t\t<\/div>\n\t\t\t\t\t\t\t<\/div>\n\t\t<\/section>\n\t\t\t\t\t\t<\/div>\n\t\t\t\t\t<\/div>\n\t\t","protected":false},"excerpt":{"rendered":"<p>Adresa Bar\u010dianska 68, 040 17 Ko\u0161ice Email info@neuhradena.sk Telef\u00f3n Call : +(421) 908-334-395 Otvoren\u00e9 Pondelok &#8211; Piatok: 8:00 &#8211; 15:00 Zavolajte n\u00e1m Na\u0161i odborn\u00edci V\u00e1m ve\u013emi radi pom\u00f4\u017eu. Bezplatn\u00e9 poradenstvo. Vysvetl\u00edme V\u00e1m ako pracujeme, ako je to mo\u017en\u00e9, \u017ee naozaj ni\u010d neplat\u00edte dopredu. zavolajte n\u00e1m Kontaktujte n\u00e1s Potrebujete poradi\u0165?Zavolajte n\u00e1m, nap\u00ed\u0161te n\u00e1m, nechajte n\u00e1m na [&hellip;]<\/p>\n","protected":false},"author":1,"featured_media":0,"parent":0,"menu_order":0,"comment_status":"closed","ping_status":"closed","template":"page-templates\/pagebuilder.php","meta":{"_monsterinsights_skip_tracking":false,"_monsterinsights_sitenote_active":false,"_monsterinsights_sitenote_note":"","_monsterinsights_sitenote_category":0},"yoast_head":"<!-- This site is optimized with the Yoast SEO plugin v17.1 - https:\/\/yoast.com\/wordpress\/plugins\/seo\/ -->\n<title>Kontakt - eUhradena.sk<\/title>\n<meta name=\"robots\" content=\"index, follow, max-snippet:-1, max-image-preview:large, max-video-preview:-1\" \/>\n<link rel=\"canonical\" href=\"https:\/\/neuhradena.sk\/?page_id=28\" \/>\n<meta property=\"og:locale\" content=\"sk_SK\" \/>\n<meta property=\"og:type\" content=\"article\" \/>\n<meta property=\"og:title\" content=\"Kontakt - eUhradena.sk\" \/>\n<meta property=\"og:description\" content=\"Adresa Bar\u010dianska 68, 040 17 Ko\u0161ice Email info@neuhradena.sk Telef\u00f3n Call : +(421) 908-334-395 Otvoren\u00e9 Pondelok &#8211; Piatok: 8:00 &#8211; 15:00 Zavolajte n\u00e1m Na\u0161i odborn\u00edci V\u00e1m ve\u013emi radi pom\u00f4\u017eu. Bezplatn\u00e9 poradenstvo. Vysvetl\u00edme V\u00e1m ako pracujeme, ako je to mo\u017en\u00e9, \u017ee naozaj ni\u010d neplat\u00edte dopredu. zavolajte n\u00e1m Kontaktujte n\u00e1s Potrebujete poradi\u0165?Zavolajte n\u00e1m, nap\u00ed\u0161te n\u00e1m, nechajte n\u00e1m na [&hellip;]\" \/>\n<meta property=\"og:url\" content=\"https:\/\/neuhradena.sk\/?page_id=28\" \/>\n<meta property=\"og:site_name\" content=\"eUhradena.sk\" \/>\n<meta property=\"article:modified_time\" content=\"2021-09-16T14:53:37+00:00\" \/>\n<meta property=\"og:image\" content=\"http:\/\/neuhradena.sk\/wp-content\/uploads\/2020\/06\/cta-phone-call.png\" \/>\n<meta name=\"twitter:card\" content=\"summary_large_image\" \/>\n<meta name=\"twitter:label1\" content=\"Predpokladan\u00fd \u010das \u010d\u00edtania\" \/>\n\t<meta name=\"twitter:data1\" content=\"1 min\u00fata\" \/>\n<script type=\"application\/ld+json\" class=\"yoast-schema-graph\">{\"@context\":\"https:\/\/schema.org\",\"@graph\":[{\"@type\":\"WebSite\",\"@id\":\"http:\/\/neuhradena.sk\/#website\",\"url\":\"http:\/\/neuhradena.sk\/\",\"name\":\"eUhradena.sk\",\"description\":\"\",\"potentialAction\":[{\"@type\":\"SearchAction\",\"target\":{\"@type\":\"EntryPoint\",\"urlTemplate\":\"http:\/\/neuhradena.sk\/?s={search_term_string}\"},\"query-input\":\"required name=search_term_string\"}],\"inLanguage\":\"sk-SK\"},{\"@type\":\"ImageObject\",\"@id\":\"https:\/\/neuhradena.sk\/?page_id=28#primaryimage\",\"inLanguage\":\"sk-SK\",\"url\":\"http:\/\/neuhradena.sk\/wp-content\/uploads\/2020\/06\/cta-phone-call.png\",\"contentUrl\":\"http:\/\/neuhradena.sk\/wp-content\/uploads\/2020\/06\/cta-phone-call.png\",\"width\":1920,\"height\":363},{\"@type\":\"WebPage\",\"@id\":\"https:\/\/neuhradena.sk\/?page_id=28#webpage\",\"url\":\"https:\/\/neuhradena.sk\/?page_id=28\",\"name\":\"Kontakt - eUhradena.sk\",\"isPartOf\":{\"@id\":\"http:\/\/neuhradena.sk\/#website\"},\"primaryImageOfPage\":{\"@id\":\"https:\/\/neuhradena.sk\/?page_id=28#primaryimage\"},\"datePublished\":\"2020-06-16T06:56:33+00:00\",\"dateModified\":\"2021-09-16T14:53:37+00:00\",\"breadcrumb\":{\"@id\":\"https:\/\/neuhradena.sk\/?page_id=28#breadcrumb\"},\"inLanguage\":\"sk-SK\",\"potentialAction\":[{\"@type\":\"ReadAction\",\"target\":[\"https:\/\/neuhradena.sk\/?page_id=28\"]}]},{\"@type\":\"BreadcrumbList\",\"@id\":\"https:\/\/neuhradena.sk\/?page_id=28#breadcrumb\",\"itemListElement\":[{\"@type\":\"ListItem\",\"position\":1,\"name\":\"Domov\",\"item\":\"http:\/\/neuhradena.sk\/\"},{\"@type\":\"ListItem\",\"position\":2,\"name\":\"Kontakt\"}]}]}<\/script>\n<!-- \/ Yoast SEO plugin. -->","yoast_head_json":{"title":"Kontakt - eUhradena.sk","robots":{"index":"index","follow":"follow","max-snippet":"max-snippet:-1","max-image-preview":"max-image-preview:large","max-video-preview":"max-video-preview:-1"},"canonical":"https:\/\/neuhradena.sk\/?page_id=28","og_locale":"sk_SK","og_type":"article","og_title":"Kontakt - eUhradena.sk","og_description":"Adresa Bar\u010dianska 68, 040 17 Ko\u0161ice Email info@neuhradena.sk Telef\u00f3n Call : +(421) 908-334-395 Otvoren\u00e9 Pondelok &#8211; Piatok: 8:00 &#8211; 15:00 Zavolajte n\u00e1m Na\u0161i odborn\u00edci V\u00e1m ve\u013emi radi pom\u00f4\u017eu. Bezplatn\u00e9 poradenstvo. Vysvetl\u00edme V\u00e1m ako pracujeme, ako je to mo\u017en\u00e9, \u017ee naozaj ni\u010d neplat\u00edte dopredu. zavolajte n\u00e1m Kontaktujte n\u00e1s Potrebujete poradi\u0165?Zavolajte n\u00e1m, nap\u00ed\u0161te n\u00e1m, nechajte n\u00e1m na [&hellip;]","og_url":"https:\/\/neuhradena.sk\/?page_id=28","og_site_name":"eUhradena.sk","article_modified_time":"2021-09-16T14:53:37+00:00","og_image":[{"url":"http:\/\/neuhradena.sk\/wp-content\/uploads\/2020\/06\/cta-phone-call.png"}],"twitter_card":"summary_large_image","twitter_misc":{"Predpokladan\u00fd \u010das \u010d\u00edtania":"1 min\u00fata"},"schema":{"@context":"https:\/\/schema.org","@graph":[{"@type":"WebSite","@id":"http:\/\/neuhradena.sk\/#website","url":"http:\/\/neuhradena.sk\/","name":"eUhradena.sk","description":"","potentialAction":[{"@type":"SearchAction","target":{"@type":"EntryPoint","urlTemplate":"http:\/\/neuhradena.sk\/?s={search_term_string}"},"query-input":"required name=search_term_string"}],"inLanguage":"sk-SK"},{"@type":"ImageObject","@id":"https:\/\/neuhradena.sk\/?page_id=28#primaryimage","inLanguage":"sk-SK","url":"http:\/\/neuhradena.sk\/wp-content\/uploads\/2020\/06\/cta-phone-call.png","contentUrl":"http:\/\/neuhradena.sk\/wp-content\/uploads\/2020\/06\/cta-phone-call.png","width":1920,"height":363},{"@type":"WebPage","@id":"https:\/\/neuhradena.sk\/?page_id=28#webpage","url":"https:\/\/neuhradena.sk\/?page_id=28","name":"Kontakt - eUhradena.sk","isPartOf":{"@id":"http:\/\/neuhradena.sk\/#website"},"primaryImageOfPage":{"@id":"https:\/\/neuhradena.sk\/?page_id=28#primaryimage"},"datePublished":"2020-06-16T06:56:33+00:00","dateModified":"2021-09-16T14:53:37+00:00","breadcrumb":{"@id":"https:\/\/neuhradena.sk\/?page_id=28#breadcrumb"},"inLanguage":"sk-SK","potentialAction":[{"@type":"ReadAction","target":["https:\/\/neuhradena.sk\/?page_id=28"]}]},{"@type":"BreadcrumbList","@id":"https:\/\/neuhradena.sk\/?page_id=28#breadcrumb","itemListElement":[{"@type":"ListItem","position":1,"name":"Domov","item":"http:\/\/neuhradena.sk\/"},{"@type":"ListItem","position":2,"name":"Kontakt"}]}]}},"_links":{"self":[{"href":"http:\/\/neuhradena.sk\/index.php?rest_route=\/wp\/v2\/pages\/28"}],"collection":[{"href":"http:\/\/neuhradena.sk\/index.php?rest_route=\/wp\/v2\/pages"}],"about":[{"href":"http:\/\/neuhradena.sk\/index.php?rest_route=\/wp\/v2\/types\/page"}],"author":[{"embeddable":true,"href":"http:\/\/neuhradena.sk\/index.php?rest_route=\/wp\/v2\/users\/1"}],"replies":[{"embeddable":true,"href":"http:\/\/neuhradena.sk\/index.php?rest_route=%2Fwp%2Fv2%2Fcomments&post=28"}],"version-history":[{"count":6,"href":"http:\/\/neuhradena.sk\/index.php?rest_route=\/wp\/v2\/pages\/28\/revisions"}],"predecessor-version":[{"id":832,"href":"http:\/\/neuhradena.sk\/index.php?rest_route=\/wp\/v2\/pages\/28\/revisions\/832"}],"wp:attachment":[{"href":"http:\/\/neuhradena.sk\/index.php?rest_route=%2Fwp%2Fv2%2Fmedia&parent=28"}],"curies":[{"name":"wp","href":"https:\/\/api.w.org\/{rel}","templated":true}]}}